{"id":8,"date":"2020-10-09T18:59:25","date_gmt":"2020-10-09T16:59:25","guid":{"rendered":"https:\/\/portabella-wp.totmicro.com\/?page_id=8"},"modified":"2020-10-09T18:59:25","modified_gmt":"2020-10-09T16:59:25","slug":"informacio-dinteres-general","status":"publish","type":"page","link":"https:\/\/portabella.info\/?page_id=8","title":{"rendered":"Informaci\u00f3 d&#8217;inter\u00e9s general"},"content":{"rendered":"\n<p>El segon diumenge de novembre de cada any s&#8217;obren les portes de l&#8217;esgl\u00e9sia de Sant Mart\u00ed de Vinyoles de Portavella. Es duu a terme una missa, a dos quarts d&#8217;una , en commemoraci\u00f3 de la diada de Sant M\u00e1rt\u00ed i pels nou nats i difunts de l&#8217;any de la fam\u00edlia. Referent a la informaci\u00f3 parroquial i sobre les misses de Sant Mart\u00ed s&#8217;ha de trucar en Josep Sala de les Arenyes i el seu tel\u00e8fon \u00e9s el 972198029.<\/p>\n\n\n\n<p>Acabada la missa, la fam\u00edlia Serradell propiet\u00e0ria de la rectoria, acostuma a obsequiar a tots els assistents amb coca i vi dol\u00e7.<\/p>\n\n\n\n<p>La casa PORTAVELLA \u00e9s propietat de la fam\u00edlia Canadell de Ripoll. Actualment \u00e9s llogada a la col\u00f2nia Portavella representada per en Marcel Sintes. El tel\u00e8fon es 972198006.<\/p>\n\n\n\n<p>Si ens voleu acompanyar, el segon diumenge de novembre, i voleu dinar tots plegats amb nosaltres, heu de contactar uns deu dies abans amb en Llu\u00eds Portabella 932099751 o amb Jes\u00fas Portavella al 933213545.<\/p>\n\n\n\n<p>Actualment gaudim del r\u00e8cord catal\u00e0 amb arbre geneal\u00f2gic de 1641 personatges que comen\u00e7a l&#8217;any 1489. Properament, un cop finalitzades les dades es procedir\u00e0 a la redacci\u00f3 d&#8217;un arbre geneal\u00f2gic general i definitiu amb 2000 persones. Si voleu ser inclosos en el nou arbre general, modificar o ampliar les dades que ja heu rem\u00e9s heu d&#8217;enviar-les a en Jes\u00fas Portavella a l&#8217;adre\u00e7a que figura a aquest directori.<br>(Actualment l&#8217;arbre geneal\u00f2gic consta ja de 3244 persones de la fam\u00edlia Portavella)<\/p>\n","protected":false},"excerpt":{"rendered":"<p>El segon diumenge de novembre de cada any s&#8217;obren les portes de l&#8217;esgl\u00e9sia de Sant Mart\u00ed de Vinyoles de Portavella&#8230;.<\/p>\n","protected":false},"author":1,"featured_media":0,"parent":0,"menu_order":0,"comment_status":"closed","ping_status":"closed","template":"","meta":{"footnotes":""},"_links":{"self":[{"href":"https:\/\/portabella.info\/index.php?rest_route=\/wp\/v2\/pages\/8"}],"collection":[{"href":"https:\/\/portabella.info\/index.php?rest_route=\/wp\/v2\/pages"}],"about":[{"href":"https:\/\/portabella.info\/index.php?rest_route=\/wp\/v2\/types\/page"}],"author":[{"embeddable":true,"href":"https:\/\/portabella.info\/index.php?rest_route=\/wp\/v2\/users\/1"}],"replies":[{"embeddable":true,"href":"https:\/\/portabella.info\/index.php?rest_route=%2Fwp%2Fv2%2Fcomments&post=8"}],"version-history":[{"count":1,"href":"https:\/\/portabella.info\/index.php?rest_route=\/wp\/v2\/pages\/8\/revisions"}],"predecessor-version":[{"id":9,"href":"https:\/\/portabella.info\/index.php?rest_route=\/wp\/v2\/pages\/8\/revisions\/9"}],"wp:attachment":[{"href":"https:\/\/portabella.info\/index.php?rest_route=%2Fwp%2Fv2%2Fmedia&parent=8"}],"curies":[{"name":"wp","href":"https:\/\/api.w.org\/{rel}","templated":true}]}}