{"id":61,"date":"2020-10-09T22:41:58","date_gmt":"2020-10-09T20:41:58","guid":{"rendered":"https:\/\/portabella-wp.totmicro.com\/?page_id=61"},"modified":"2020-10-09T23:16:56","modified_gmt":"2020-10-09T21:16:56","slug":"contacte","status":"publish","type":"page","link":"https:\/\/portabella.info\/?page_id=61","title":{"rendered":"Contacte"},"content":{"rendered":"\n<p>Us podem ajudar si esteu interessats en saber dels vostres avantpassats o trobar familiars. Qualsevol comentari ser\u00e0 benvingut. Podeu contactar amb nosaltres a trav\u00e9s de:<\/p>\n\n\n\n<p>Jes\u00fas Portavella Isidoro<br><a href=\"mailto:jesusportavella@gmail.com\">jesusportavella@gmail.com<\/a><br>Tel. 93 3213545<\/p>\n\n\n\n<p>F\u00e8lix Portabella Padr\u00f3 i Dolors Clotet F\u00e0brega<br><a href=\"mailto:totmicro@totmicro.com\">totmicro@totmicro.com<\/a><\/p>\n","protected":false},"excerpt":{"rendered":"<p>Us podem ajudar si esteu interessats en saber dels vostres avantpassats o trobar familiars. Qualsevol comentari ser\u00e0 benvingut. Podeu contactar&#8230;<\/p>\n","protected":false},"author":1,"featured_media":0,"parent":0,"menu_order":0,"comment_status":"closed","ping_status":"closed","template":"","meta":{"footnotes":""},"_links":{"self":[{"href":"https:\/\/portabella.info\/index.php?rest_route=\/wp\/v2\/pages\/61"}],"collection":[{"href":"https:\/\/portabella.info\/index.php?rest_route=\/wp\/v2\/pages"}],"about":[{"href":"https:\/\/portabella.info\/index.php?rest_route=\/wp\/v2\/types\/page"}],"author":[{"embeddable":true,"href":"https:\/\/portabella.info\/index.php?rest_route=\/wp\/v2\/users\/1"}],"replies":[{"embeddable":true,"href":"https:\/\/portabella.info\/index.php?rest_route=%2Fwp%2Fv2%2Fcomments&post=61"}],"version-history":[{"count":2,"href":"https:\/\/portabella.info\/index.php?rest_route=\/wp\/v2\/pages\/61\/revisions"}],"predecessor-version":[{"id":69,"href":"https:\/\/portabella.info\/index.php?rest_route=\/wp\/v2\/pages\/61\/revisions\/69"}],"wp:attachment":[{"href":"https:\/\/portabella.info\/index.php?rest_route=%2Fwp%2Fv2%2Fmedia&parent=61"}],"curies":[{"name":"wp","href":"https:\/\/api.w.org\/{rel}","templated":true}]}}