{"id":5,"date":"2020-10-09T18:54:52","date_gmt":"2020-10-09T16:54:52","guid":{"rendered":"https:\/\/portabella-wp.totmicro.com\/?page_id=5"},"modified":"2024-06-22T10:39:30","modified_gmt":"2024-06-22T08:39:30","slug":"benvinguts","status":"publish","type":"page","link":"https:\/\/portabella.info\/","title":{"rendered":"Benvinguts"},"content":{"rendered":"<div class=\"wp-block-image\">\n<figure class=\"aligncenter size-large\"><img loading=\"lazy\" decoding=\"async\" width=\"405\" height=\"382\" src=\"https:\/\/portabella-wp.totmicro.com\/wp-content\/uploads\/2020\/10\/portada.jpg\" alt=\"\" class=\"wp-image-6\" srcset=\"https:\/\/portabella.info\/wp-content\/uploads\/2020\/10\/portada.jpg 405w, https:\/\/portabella.info\/wp-content\/uploads\/2020\/10\/portada-300x283.jpg 300w\" sizes=\"(max-width: 405px) 100vw, 405px\" \/><\/figure><\/div>\n\n\n<p class=\"has-text-align-center\">Benet Portabella Serra ( 1.847 &#8211; 1.897 )<\/p>\n\n\n\n<p>El novembre del 1989 vam tenir el goig de celebrar el 500 aniversari de la boda dels nostres avantpassats Antoni i Francina, des dels quals tenim gaireb\u00e9 complet un frond\u00f3s &#8220;arbre de fam\u00edlia&#8221;, amb totes les branques i ramificacions. Disset generacions omplen aquests cinc segles d&#8217;exist\u00e8ncia documentada. Amb tot, els or\u00edgens s\u00f3n m\u00e9s llunyans. Hi ha documents acrediten l&#8217;exist\u00e8ncia de la casa pairal de Les Lloses, almenys des del segle X.<\/p>\n\n\n\n<p>Aquest immens arbre va ser fruit d&#8217;una llarga, meticulosa i pacient obra d&#8217;investigaci\u00f3 de Jes\u00fas Portavella Isidoro furgant en arxius parroquials, diocesans i notarials. A m\u00e9s va poder aprofitar treballs sectorials realitzats anteriorment per Miquel Portavella Casanova i Josep Portabella i completar-los amb les dades que moltes fam\u00edlies van facilitar.<\/p>\n\n\n\n<p>La celebraci\u00f3 d&#8217;aquest mig mil\u00b7lenni va ser l&#8217;ocasi\u00f3 de recopilar prop de 450 fam\u00edlies, amb primer o segon cognom Portab\/vella. Tot seguit l&#8217;entusiasme de Jes\u00fas Portavella per la nostra hist\u00f2ria li va suggerir la idea de fer un &#8220;Directori&#8221; de les fam\u00edlies catalogades que pogu\u00e9s estar a l&#8217;abast de tots nosaltres.<\/p>\n\n\n\n<p>Desgraciadament no va ser &#8220;pensat i fet&#8221;. Per diverses circumst\u00e0ncies, complicacions i dubtes en la manera de presentar-lo s&#8217;ha anat retardant aquesta publicaci\u00f3. L&#8217;arbre, ni que sigui geneal\u00f2gic, \u00e9s un \u00e9sser viu que dia a dia creix i modifica la seva fesomia. En Jes\u00fas es resistia a acceptar aquesta veritat tan \u00f2bvia. Per\u00f2 la realitat de la vida s&#8217;ha imposat a l&#8217;escrupol\u00f3s desig, m\u00e9s gratificant, de fer una cosa actualitzada i amb total exactitud.<\/p>\n\n\n\n<p>Aix\u00f2 vol dir que hi trobareu alguna que altra errada. S&#8217;ha confeccionat amb les dades recollides amb motiu del 5\u00e8 Centenari, les fitxes que vau rebre i alguns hav\u00edeu tingut l&#8217;amabilitat de retornar complimentades, i altres correccions recollides per diverses vies. Accepteu el treball realitzat amb tota la bona voluntat, dedicant-li moltes hores. No cal dir que totes les esmenes i omissions que li notifiqueu seran recollides i anotades diligentment. Podeu estrenar el Directori per trobar la seva adre\u00e7a.<\/p>\n\n\n\n<p>Una \u00faltima paraula d&#8217;admiraci\u00f3 i reconeixement a Jes\u00fas Portavella Isidoro per la labor realitzada, i tamb\u00e9 agrair la col\u00b7laboraci\u00f3 d&#8217;Eusebi Calonge Portabella que, amb el seu domini de la inform\u00e0tica, ha fet el programa base per aquest Directori.<\/p>\n\n\n\n<p class=\"has-text-align-right\">Carles Portabella F\u00e0brega<br>Barcelona, maig del 1994<\/p>\n\n\n\n<p>Us podem ajudar si esteu interessats en saber dels vostres avantpassats o trobar familiars. Qualsevol comentari ser\u00e0 benvingut. Podeu contactar amb nosaltres a trav\u00e9s de:<\/p>\n\n\n\n<p>F\u00e8lix Portabella Padr\u00f3 i Dolors Clotet F\u00e0brega<br><a href=\"mailto:totmicro@totmicro.com\">totmicro@totmicro.com<\/a><\/p>\n\n\n\n<p><\/p>\n","protected":false},"excerpt":{"rendered":"<p>Benet Portabella Serra ( 1.847 &#8211; 1.897 ) El novembre del 1989 vam tenir el goig de celebrar el 500&#8230;<\/p>\n","protected":false},"author":1,"featured_media":0,"parent":0,"menu_order":0,"comment_status":"closed","ping_status":"closed","template":"","meta":{"footnotes":""},"_links":{"self":[{"href":"https:\/\/portabella.info\/index.php?rest_route=\/wp\/v2\/pages\/5"}],"collection":[{"href":"https:\/\/portabella.info\/index.php?rest_route=\/wp\/v2\/pages"}],"about":[{"href":"https:\/\/portabella.info\/index.php?rest_route=\/wp\/v2\/types\/page"}],"author":[{"embeddable":true,"href":"https:\/\/portabella.info\/index.php?rest_route=\/wp\/v2\/users\/1"}],"replies":[{"embeddable":true,"href":"https:\/\/portabella.info\/index.php?rest_route=%2Fwp%2Fv2%2Fcomments&post=5"}],"version-history":[{"count":3,"href":"https:\/\/portabella.info\/index.php?rest_route=\/wp\/v2\/pages\/5\/revisions"}],"predecessor-version":[{"id":115,"href":"https:\/\/portabella.info\/index.php?rest_route=\/wp\/v2\/pages\/5\/revisions\/115"}],"wp:attachment":[{"href":"https:\/\/portabella.info\/index.php?rest_route=%2Fwp%2Fv2%2Fmedia&parent=5"}],"curies":[{"name":"wp","href":"https:\/\/api.w.org\/{rel}","templated":true}]}}