{"id":44,"date":"2020-10-09T21:56:27","date_gmt":"2020-10-09T19:56:27","guid":{"rendered":"https:\/\/portabella-wp.totmicro.com\/?page_id=44"},"modified":"2020-10-09T21:56:27","modified_gmt":"2020-10-09T19:56:27","slug":"record-catala-darbre-genealogic","status":"publish","type":"page","link":"https:\/\/portabella.info\/?page_id=44","title":{"rendered":"R\u00e8cord catal\u00e0 d&#8217;arbre geneal\u00f2gic"},"content":{"rendered":"\n<p class=\"has-text-align-center\">(Actualment l&#8217;arbre geneal\u00f2gic consta ja de 3244 persones de la fam\u00edlia Portavella)<\/p>\n\n\n\n<div class=\"wp-block-image\"><figure class=\"aligncenter size-large\"><img loading=\"lazy\" decoding=\"async\" width=\"717\" height=\"503\" src=\"https:\/\/portabella-wp.totmicro.com\/wp-content\/uploads\/2020\/10\/record.jpg\" alt=\"\" class=\"wp-image-45\" srcset=\"https:\/\/portabella.info\/wp-content\/uploads\/2020\/10\/record.jpg 717w, https:\/\/portabella.info\/wp-content\/uploads\/2020\/10\/record-300x210.jpg 300w\" sizes=\"(max-width: 717px) 100vw, 717px\" \/><\/figure><\/div>\n","protected":false},"excerpt":{"rendered":"<p>(Actualment l&#8217;arbre geneal\u00f2gic consta ja de 3244 persones de la fam\u00edlia Portavella)<\/p>\n","protected":false},"author":1,"featured_media":0,"parent":0,"menu_order":0,"comment_status":"closed","ping_status":"closed","template":"","meta":{"footnotes":""},"_links":{"self":[{"href":"https:\/\/portabella.info\/index.php?rest_route=\/wp\/v2\/pages\/44"}],"collection":[{"href":"https:\/\/portabella.info\/index.php?rest_route=\/wp\/v2\/pages"}],"about":[{"href":"https:\/\/portabella.info\/index.php?rest_route=\/wp\/v2\/types\/page"}],"author":[{"embeddable":true,"href":"https:\/\/portabella.info\/index.php?rest_route=\/wp\/v2\/users\/1"}],"replies":[{"embeddable":true,"href":"https:\/\/portabella.info\/index.php?rest_route=%2Fwp%2Fv2%2Fcomments&post=44"}],"version-history":[{"count":1,"href":"https:\/\/portabella.info\/index.php?rest_route=\/wp\/v2\/pages\/44\/revisions"}],"predecessor-version":[{"id":46,"href":"https:\/\/portabella.info\/index.php?rest_route=\/wp\/v2\/pages\/44\/revisions\/46"}],"wp:attachment":[{"href":"https:\/\/portabella.info\/index.php?rest_route=%2Fwp%2Fv2%2Fmedia&parent=44"}],"curies":[{"name":"wp","href":"https:\/\/api.w.org\/{rel}","templated":true}]}}