{"id":42,"date":"2020-10-09T21:54:59","date_gmt":"2020-10-09T19:54:59","guid":{"rendered":"https:\/\/portabella-wp.totmicro.com\/?page_id=42"},"modified":"2020-10-09T21:54:59","modified_gmt":"2020-10-09T19:54:59","slug":"homenatge-a-jesus-portavella-2-006","status":"publish","type":"page","link":"https:\/\/portabella.info\/?page_id=42","title":{"rendered":"Homenatge a Jes\u00fas Portavella 2.006"},"content":{"rendered":"\n<p><strong>Presentaci\u00f3<\/strong><\/p>\n\n\n\n<p>Ja sabiem que els portav\/bella \u00e9rem bastans, per\u00f2 en Jes\u00fas ha tingut el coratge i la paci\u00e8ncia benedictina de fer un arbre geneal\u00f2gic descomunal, amb m\u00e9s de dues mil fulles. Una obra de romans, o de xinos.<\/p>\n\n\n\n<p>A m\u00e9s, com que avui hi ha programes inform\u00e0tics per a tots els gustos, feines i hobbys, tamb\u00e9 n&#8217;hi ha un per a les genealogies. All\u00e0 hi estem tots ficats. I en un moment podem saber tot el que ens passi pel cap: qui va ser el pare i la mare, i amb qui es va casar, i quantes vegades, i quans fills\/es, i de qui, i el grau de parentiu entre un i l&#8217;altre. Ho sap tot. Menys una cosa. Aquella anella que no podem tancar perqu\u00e8 no hi ha manera de trobar el document que ens confirmi la intu\u00efci\u00f3 \u00f2bvia.<\/p>\n\n\n\n<p>Pel teu inter\u00e9s pels Portav\/bella, per la teva const\u00e0ncia, pel teu esperit investigador, i per tot el que suposa l&#8217;obra realitzada, b\u00e9 et mereixes, Jes\u00fas, que et fem un senzill homenatge familiar d&#8217;agra\u010fment.<\/p>\n\n\n\n<p>I com que no hi ha home gran sense una gran dona al seu costat, la poesia a que ens t\u00e9 acostumats en Jordi, cada any, en els aplecs de sant Mart\u00ed, avui va dedicada a la N\u00faria que, gaireb\u00e9 segur, nom\u00e9s tu sabr\u00e0s fins a quin punt t&#8217;ha ajudat en aquesta obra gegantina.<\/p>\n\n\n\n<p>A tos dos, enhorabona, per molts anys i molts Portav\/bella.<\/p>\n\n\n\n<p>Carles Portabella sj.<\/p>\n\n\n\n<p><strong>Poema<\/strong><\/p>\n\n\n\n<figure class=\"wp-block-image size-large\"><img loading=\"lazy\" decoding=\"async\" width=\"653\" height=\"1005\" src=\"https:\/\/portabella-wp.totmicro.com\/wp-content\/uploads\/2020\/10\/poesia_homanatge2006.jpg\" alt=\"\" class=\"wp-image-40\" srcset=\"https:\/\/portabella.info\/wp-content\/uploads\/2020\/10\/poesia_homanatge2006.jpg 653w, https:\/\/portabella.info\/wp-content\/uploads\/2020\/10\/poesia_homanatge2006-195x300.jpg 195w\" sizes=\"(max-width: 653px) 100vw, 653px\" \/><\/figure>\n\n\n\n<p>Jordi Portabella<\/p>\n\n\n\n<p>Nota: Si alg\u00fa esta interessat en una copia del record en laser de la casa Portavella es posi en contacte amb: Carles Portabella sj. <a href=\"mailto:cportabella@jesuites.net\">cportabella@jesuites.net<\/a>.<\/p>\n","protected":false},"excerpt":{"rendered":"<p>Presentaci\u00f3 Ja sabiem que els portav\/bella \u00e9rem bastans, per\u00f2 en Jes\u00fas ha tingut el coratge i la paci\u00e8ncia benedictina de&#8230;<\/p>\n","protected":false},"author":1,"featured_media":0,"parent":0,"menu_order":0,"comment_status":"closed","ping_status":"closed","template":"","meta":{"footnotes":""},"_links":{"self":[{"href":"https:\/\/portabella.info\/index.php?rest_route=\/wp\/v2\/pages\/42"}],"collection":[{"href":"https:\/\/portabella.info\/index.php?rest_route=\/wp\/v2\/pages"}],"about":[{"href":"https:\/\/portabella.info\/index.php?rest_route=\/wp\/v2\/types\/page"}],"author":[{"embeddable":true,"href":"https:\/\/portabella.info\/index.php?rest_route=\/wp\/v2\/users\/1"}],"replies":[{"embeddable":true,"href":"https:\/\/portabella.info\/index.php?rest_route=%2Fwp%2Fv2%2Fcomments&post=42"}],"version-history":[{"count":1,"href":"https:\/\/portabella.info\/index.php?rest_route=\/wp\/v2\/pages\/42\/revisions"}],"predecessor-version":[{"id":43,"href":"https:\/\/portabella.info\/index.php?rest_route=\/wp\/v2\/pages\/42\/revisions\/43"}],"wp:attachment":[{"href":"https:\/\/portabella.info\/index.php?rest_route=%2Fwp%2Fv2%2Fmedia&parent=42"}],"curies":[{"name":"wp","href":"https:\/\/api.w.org\/{rel}","templated":true}]}}