{"id":31,"date":"2020-10-09T21:25:16","date_gmt":"2020-10-09T19:25:16","guid":{"rendered":"https:\/\/portabella-wp.totmicro.com\/?page_id=31"},"modified":"2022-09-21T17:08:28","modified_gmt":"2022-09-21T15:08:28","slug":"arbre-genealogic","status":"publish","type":"page","link":"https:\/\/portabella.info\/?page_id=31","title":{"rendered":"Arbre Geneal\u00f2gic"},"content":{"rendered":"\n<p class=\"has-text-align-center\"><a href=\"\/wp-content\/arbre-llistat.html\" target=\"_blank\" rel=\"noreferrer noopener\">Llistat geneal\u00f2gic &#8211; compacte<\/a><br><a href=\"\/wp-content\/arbre-llistat.html\" target=\"_blank\" rel=\"noreferrer noopener\"><img loading=\"lazy\" decoding=\"async\" width=\"400\" height=\"343\" class=\"wp-image-80\" style=\"width: 400px;\" src=\"\/wp-content\/uploads\/2020\/10\/llistat_genealogic_compacte_screenshot.png\" alt=\"\" srcset=\"https:\/\/portabella.info\/wp-content\/uploads\/2020\/10\/llistat_genealogic_compacte_screenshot.png 679w, https:\/\/portabella.info\/wp-content\/uploads\/2020\/10\/llistat_genealogic_compacte_screenshot-300x258.png 300w\" sizes=\"(max-width: 400px) 100vw, 400px\" \/><\/a><\/p>\n\n\n\n<p><\/p>\n\n\n\n<p class=\"has-text-align-center\"><a rel=\"noreferrer noopener\" href=\"\/wp-content\/webtrees\/\" target=\"_blank\">Llistat geneal\u00f2gic &#8211; Interf\u00edcie gr\u00e0fica<\/a><br><a href=\"\/wp-content\/webtrees\/\" target=\"_blank\" rel=\"noreferrer noopener\"><img loading=\"lazy\" decoding=\"async\" width=\"400\" height=\"340\" class=\"wp-image-83\" style=\"width: 400px;\" src=\"\/wp-content\/uploads\/2020\/10\/webtrees_screenshot.png\" alt=\"\" srcset=\"https:\/\/portabella.info\/wp-content\/uploads\/2020\/10\/webtrees_screenshot.png 742w, https:\/\/portabella.info\/wp-content\/uploads\/2020\/10\/webtrees_screenshot-300x255.png 300w\" sizes=\"(max-width: 400px) 100vw, 400px\" \/><\/a><\/p>\n\n\n\n<p><\/p>\n\n\n\n<p class=\"has-text-align-center\"><strong><a href=\"\/wp-content\/uploads\/2020\/10\/arbre-1.jpg\" target=\"_blank\" rel=\"noreferrer noopener\">Primera representaci\u00f3 gr\u00e0fica<\/a><\/strong><\/p>\n\n\n<div class=\"wp-block-image\">\n<figure class=\"aligncenter size-large\"><a href=\"\/wp-content\/uploads\/2020\/10\/arbre-1.jpg\" target=\"_blank\" rel=\"noopener noreferrer\"><img loading=\"lazy\" decoding=\"async\" width=\"640\" height=\"672\" src=\"https:\/\/portabella-wp.totmicro.com\/wp-content\/uploads\/2020\/10\/arbre-1.jpg\" alt=\"\" class=\"wp-image-32\" srcset=\"https:\/\/portabella.info\/wp-content\/uploads\/2020\/10\/arbre-1.jpg 640w, https:\/\/portabella.info\/wp-content\/uploads\/2020\/10\/arbre-1-286x300.jpg 286w\" sizes=\"(max-width: 640px) 100vw, 640px\" \/><\/a><\/figure><\/div>\n\n\n<p><\/p>\n\n\n\n<p class=\"has-text-align-center\"><strong><a href=\"https:\/\/portabella-wp.totmicro.com\/wp-content\/uploads\/2020\/10\/arbre-2-366x1024.jpg\" target=\"_blank\" rel=\"noreferrer noopener\">Segona representaci\u00f3 gr\u00e0fica<\/a><\/strong><\/p>\n\n\n<div class=\"wp-block-image\">\n<figure class=\"aligncenter size-large\"><a href=\"\/wp-content\/uploads\/2020\/10\/arbre-2-366x1024.jpg\" target=\"_blank\" rel=\"noopener noreferrer\"><img loading=\"lazy\" decoding=\"async\" width=\"366\" height=\"1024\" src=\"https:\/\/portabella-wp.totmicro.com\/wp-content\/uploads\/2020\/10\/arbre-2-366x1024.jpg\" alt=\"\" class=\"wp-image-33\" srcset=\"https:\/\/portabella.info\/wp-content\/uploads\/2020\/10\/arbre-2-366x1024.jpg 366w, https:\/\/portabella.info\/wp-content\/uploads\/2020\/10\/arbre-2-107x300.jpg 107w, https:\/\/portabella.info\/wp-content\/uploads\/2020\/10\/arbre-2.jpg 640w\" sizes=\"(max-width: 366px) 100vw, 366px\" \/><\/a><\/figure><\/div>","protected":false},"excerpt":{"rendered":"<p>Llistat geneal\u00f2gic &#8211; compacte Llistat geneal\u00f2gic &#8211; Interf\u00edcie gr\u00e0fica Primera representaci\u00f3 gr\u00e0fica Segona representaci\u00f3 gr\u00e0fica<\/p>\n","protected":false},"author":1,"featured_media":0,"parent":0,"menu_order":0,"comment_status":"closed","ping_status":"closed","template":"","meta":{"footnotes":""},"_links":{"self":[{"href":"https:\/\/portabella.info\/index.php?rest_route=\/wp\/v2\/pages\/31"}],"collection":[{"href":"https:\/\/portabella.info\/index.php?rest_route=\/wp\/v2\/pages"}],"about":[{"href":"https:\/\/portabella.info\/index.php?rest_route=\/wp\/v2\/types\/page"}],"author":[{"embeddable":true,"href":"https:\/\/portabella.info\/index.php?rest_route=\/wp\/v2\/users\/1"}],"replies":[{"embeddable":true,"href":"https:\/\/portabella.info\/index.php?rest_route=%2Fwp%2Fv2%2Fcomments&post=31"}],"version-history":[{"count":16,"href":"https:\/\/portabella.info\/index.php?rest_route=\/wp\/v2\/pages\/31\/revisions"}],"predecessor-version":[{"id":110,"href":"https:\/\/portabella.info\/index.php?rest_route=\/wp\/v2\/pages\/31\/revisions\/110"}],"wp:attachment":[{"href":"https:\/\/portabella.info\/index.php?rest_route=%2Fwp%2Fv2%2Fmedia&parent=31"}],"curies":[{"name":"wp","href":"https:\/\/api.w.org\/{rel}","templated":true}]}}