{"id":10,"date":"2020-10-09T19:10:13","date_gmt":"2020-10-09T17:10:13","guid":{"rendered":"https:\/\/portabella-wp.totmicro.com\/?page_id=10"},"modified":"2020-10-09T23:46:13","modified_gmt":"2020-10-09T21:46:13","slug":"llengenda-portavella","status":"publish","type":"page","link":"https:\/\/portabella.info\/?page_id=10","title":{"rendered":"Llengenda Portavella"},"content":{"rendered":"\n<p class=\"has-text-align-center\">Idea Original : Jes\u00fas Portavella<br>Historiador : Jes\u00fas Portavella<\/p>\n\n\n\n<p><\/p>\n\n\n\n<p class=\"has-text-align-center\"><strong>DESCARREGA AQUI LA LLEGENDA EN VERSIO PDF<\/strong><\/p>\n\n\n\n<p class=\"has-text-align-center\"><a rel=\"noreferrer noopener\" href=\"\/wp-content\/uploads\/2020\/10\/LA_LLEGENDA_DE_PORTAVELLA.pdf\" target=\"_blank\">LA LLEGENDA PORTABELLA &#8211; Versi\u00f3 PDF en catal\u00e0<\/a><\/p>\n\n\n\n<p class=\"has-text-align-center\"><a href=\"\/wp-content\/uploads\/2020\/10\/LA_LEYENDA_DE_PORTAVELLA.pdf\">LA LEYENDA DE PORTAVELLA &#8211; Versi\u00f3n PDF en espa\u00f1ol<\/a><\/p>\n\n\n\n<div class=\"wp-block-image\"><figure class=\"aligncenter size-large\"><a href=\"\/wp-content\/uploads\/2020\/10\/LA_LLEGENDA_DE_PORTAVELLA.pdf\" target=\"_blank\" rel=\"noopener noreferrer\"><img loading=\"lazy\" decoding=\"async\" width=\"477\" height=\"650\" src=\"https:\/\/portabella-wp.totmicro.com\/wp-content\/uploads\/2020\/10\/img0022.png\" alt=\"\" class=\"wp-image-14\" srcset=\"https:\/\/portabella.info\/wp-content\/uploads\/2020\/10\/img0022.png 477w, https:\/\/portabella.info\/wp-content\/uploads\/2020\/10\/img0022-220x300.png 220w\" sizes=\"(max-width: 477px) 100vw, 477px\" \/><\/a><\/figure><\/div>\n\n\n\n<div class=\"wp-block-image\"><figure class=\"aligncenter size-large\"><img loading=\"lazy\" decoding=\"async\" width=\"632\" height=\"459\" src=\"https:\/\/portabella-wp.totmicro.com\/wp-content\/uploads\/2020\/10\/mapa.jpg\" alt=\"\" class=\"wp-image-15\" srcset=\"https:\/\/portabella.info\/wp-content\/uploads\/2020\/10\/mapa.jpg 632w, https:\/\/portabella.info\/wp-content\/uploads\/2020\/10\/mapa-300x218.jpg 300w\" sizes=\"(max-width: 632px) 100vw, 632px\" \/><\/figure><\/div>\n","protected":false},"excerpt":{"rendered":"<p>Idea Original : Jes\u00fas PortavellaHistoriador : Jes\u00fas Portavella DESCARREGA AQUI LA LLEGENDA EN VERSIO PDF LA LLEGENDA PORTABELLA &#8211; Versi\u00f3&#8230;<\/p>\n","protected":false},"author":1,"featured_media":0,"parent":0,"menu_order":0,"comment_status":"closed","ping_status":"closed","template":"","meta":{"footnotes":""},"_links":{"self":[{"href":"https:\/\/portabella.info\/index.php?rest_route=\/wp\/v2\/pages\/10"}],"collection":[{"href":"https:\/\/portabella.info\/index.php?rest_route=\/wp\/v2\/pages"}],"about":[{"href":"https:\/\/portabella.info\/index.php?rest_route=\/wp\/v2\/types\/page"}],"author":[{"embeddable":true,"href":"https:\/\/portabella.info\/index.php?rest_route=\/wp\/v2\/users\/1"}],"replies":[{"embeddable":true,"href":"https:\/\/portabella.info\/index.php?rest_route=%2Fwp%2Fv2%2Fcomments&post=10"}],"version-history":[{"count":5,"href":"https:\/\/portabella.info\/index.php?rest_route=\/wp\/v2\/pages\/10\/revisions"}],"predecessor-version":[{"id":73,"href":"https:\/\/portabella.info\/index.php?rest_route=\/wp\/v2\/pages\/10\/revisions\/73"}],"wp:attachment":[{"href":"https:\/\/portabella.info\/index.php?rest_route=%2Fwp%2Fv2%2Fmedia&parent=10"}],"curies":[{"name":"wp","href":"https:\/\/api.w.org\/{rel}","templated":true}]}}